{"id":267,"date":"2017-03-19T19:24:49","date_gmt":"2017-03-19T16:24:49","guid":{"rendered":"https:\/\/ileanapascalau.com\/?page_id=267"},"modified":"2024-02-14T14:07:05","modified_gmt":"2024-02-14T11:07:05","slug":"upcoming","status":"publish","type":"page","link":"https:\/\/ileanapascalau.com\/?page_id=267","title":{"rendered":"UPCOMING"},"content":{"rendered":"<p><a href=\"https:\/\/ileanapascalau.com\/wp-content\/uploads\/2023\/04\/invitatie-Mobius.jpg\"><img decoding=\"async\" loading=\"lazy\" class=\"wp-image-1094 alignleft\" src=\"https:\/\/ileanapascalau.com\/wp-content\/uploads\/2023\/04\/invitatie-Mobius-300x300.jpg\" alt=\"\" width=\"684\" height=\"684\" srcset=\"https:\/\/ileanapascalau.com\/wp-content\/uploads\/2023\/04\/invitatie-Mobius-300x300.jpg 300w, https:\/\/ileanapascalau.com\/wp-content\/uploads\/2023\/04\/invitatie-Mobius-1024x1024.jpg 1024w, https:\/\/ileanapascalau.com\/wp-content\/uploads\/2023\/04\/invitatie-Mobius-150x150.jpg 150w, https:\/\/ileanapascalau.com\/wp-content\/uploads\/2023\/04\/invitatie-Mobius-768x768.jpg 768w, https:\/\/ileanapascalau.com\/wp-content\/uploads\/2023\/04\/invitatie-Mobius-1536x1536.jpg 1536w, https:\/\/ileanapascalau.com\/wp-content\/uploads\/2023\/04\/invitatie-Mobius-2048x2048.jpg 2048w, https:\/\/ileanapascalau.com\/wp-content\/uploads\/2023\/04\/invitatie-Mobius-304x304.jpg 304w\" sizes=\"(max-width: 684px) 100vw, 684px\" \/><\/a><\/p>\n<p>\u00a0<\/p>\n<p><!--more--><\/p>\n<h1>Verschmutzung. K\u00f6rperzust\u00e4nde. Faschismus.<\/h1>\n<h3>11.10. bis 01.11.2020, DO-SO, 12 bis 20 Uhr<\/h3>\n<p>Christoph Schlingensief und die Kunst<\/p>\n<p>Mit Arbeiten von: Joseph Beuys, G\u00fcnter Brus, VALIE EXPORT, Frankfurter Hauptschule,\u00a0 Alexander Kluge, Jonathan Meese, Hermann Nitsch, Ileana Pascalau, Dieter Roth, 1UP-Crew.<\/p>\n<p><a href=\"https:\/\/ileanapascalau.com\/wp-content\/uploads\/2020\/09\/VE-1044_Remote_Remote_VALIE-EXPORT_1973_b-min.png\"><img decoding=\"async\" loading=\"lazy\" class=\" wp-image-929 alignleft\" src=\"https:\/\/ileanapascalau.com\/wp-content\/uploads\/2020\/09\/VE-1044_Remote_Remote_VALIE-EXPORT_1973_b-min-300x225.png\" alt=\"\" width=\"602\" height=\"451\" srcset=\"https:\/\/ileanapascalau.com\/wp-content\/uploads\/2020\/09\/VE-1044_Remote_Remote_VALIE-EXPORT_1973_b-min-300x225.png 300w, https:\/\/ileanapascalau.com\/wp-content\/uploads\/2020\/09\/VE-1044_Remote_Remote_VALIE-EXPORT_1973_b-min-768x577.png 768w, https:\/\/ileanapascalau.com\/wp-content\/uploads\/2020\/09\/VE-1044_Remote_Remote_VALIE-EXPORT_1973_b-min-304x228.png 304w, https:\/\/ileanapascalau.com\/wp-content\/uploads\/2020\/09\/VE-1044_Remote_Remote_VALIE-EXPORT_1973_b-min.png 942w\" sizes=\"(max-width: 602px) 100vw, 602px\" \/><\/a><\/p>\n<p>\u00a0<\/p>\n<p>Anl\u00e4sslich des Festivals zu Ehren von Christoph Schlingensief besch\u00e4ftigt sich die Ausstellung mit Verschmutzung, K\u00f6rperzust\u00e4nden und Faschismus in der Bildenden Kunst. Die Ausstellung macht Synergien zwischen verschiedenen K\u00fcnstler*innen sichtbar, die Schlingensief beeinflusst haben, bzw. von ihm beeinflusst wurden. Dabei wird vor allem auf Kunststr\u00f6mungen Bezug genommen, die sich seit Ende des Zweiten Weltkriegs gegen die Sauberkeit in der Kunst wendeten und ihre k\u00fcnstlerischen Materialien um ansonsten im \u00f6ffentlichen Leben verdr\u00e4ngte und abgesonderte Materialien erweiterten: Kot, Blut, Erbrochenes, Sperma, M\u00fcll und Dreck.<\/p>\n<p>Kuratiert von Daniela Duca, Julian Volz und Marlena von Wedel<\/p>\n<p>Die Ausstellung wird mit Unterst\u00fctzung von kitev realisiert.<\/p>\n<p>Im Supermarkt der Ideen, Eingang\u00a0St\u00f6ckmannstr.\u00a078<\/p>\n<p>\u00a0<\/p>\n<p><a href=\"https:\/\/ileanapascalau.com\/wp-content\/uploads\/2020\/01\/GiT_Burlungis_Banner-1237x580.jpg\"><img decoding=\"async\" loading=\"lazy\" class=\"wp-image-865 alignleft\" src=\"https:\/\/ileanapascalau.com\/wp-content\/uploads\/2020\/01\/GiT_Burlungis_Banner-1237x580-300x141.jpg\" alt=\"\" width=\"676\" height=\"318\" srcset=\"https:\/\/ileanapascalau.com\/wp-content\/uploads\/2020\/01\/GiT_Burlungis_Banner-1237x580-300x141.jpg 300w, https:\/\/ileanapascalau.com\/wp-content\/uploads\/2020\/01\/GiT_Burlungis_Banner-1237x580-768x360.jpg 768w, https:\/\/ileanapascalau.com\/wp-content\/uploads\/2020\/01\/GiT_Burlungis_Banner-1237x580-1024x480.jpg 1024w, https:\/\/ileanapascalau.com\/wp-content\/uploads\/2020\/01\/GiT_Burlungis_Banner-1237x580-304x143.jpg 304w, https:\/\/ileanapascalau.com\/wp-content\/uploads\/2020\/01\/GiT_Burlungis_Banner-1237x580.jpg 1237w\" sizes=\"(max-width: 676px) 100vw, 676px\" \/><\/a><\/p>\n<p>Galerie im Turm<\/p>\n<p>Curated by Linn\u00e9a Meiners and Jorinde Splettst\u00f6\u00dfer<\/p>\n<p>Opening 22.01.2020 | 7pm<\/p>\n<p>23.01. &#8211; 08.03.2020<\/p>\n<p>Welcome to BURLUNGIS! Hang your cloak and stay a while, weary traveller. The times may be dark and the swamps and bogs hide lurking creatures of the night, but accept our humble comforts in whimsical tales and ecstatic dances around the fire.<\/p>\n<p>BURLUNGIS is a fantastical medieval landscape conjured by COVEN BERLIN to re-imagine a time as dark as ours. But hark! Whoever condemns darkness has forgotten its power. Much of liberal European thought today continues the tradition of the Enlightenment, scoffing at the perceived lack of refinement and unhygienic stink of the Middle Ages. Meanwhile, conservative right-wing movements have co-opted \u2018the medieval\u2019, summoning kings and vikings to create an imaginary time when Europe was white, heterosexual, and Christian.<\/p>\n<p>Aye, let the patriarchs have their snobby printing press and \u2018perspective\u2019; let the fascists burn in their fire and brimstone. Leave the Mittelalter to the altered middle\u2014to the queers, the Commons, the Live Action Role Players, modern herbalists and all those who\u2019d gladly tread through the muck and mire of this swampy amalgam of history. We hereby decree the myth of \u2018Medieval Europe\u2019 as utterly false, and rewrite it with BURLUNGIS, which bubbles out of the swamp from whence the city we call Berlin, in the 13th century, clumb.<\/p>\n<p>BURLUNGIS begins as a stage open for co-creation between us the artists and you, dear wanderer. Therefore, we heartily invite you to show up at the Galerie im Turm regularly, for we will be a-working, oft and ere.<\/p>\n<p>EVENTS<\/p>\n<p>22.01. | 7pm | Opening<\/p>\n<p>08.02. | 11am \u2013 1pm<br \/>EXCAVATING THE EROTIC<br \/>Workshop with Dr. edna bonhomme<\/p>\n<p>15.02. | 4pm \u2013 6pm<br \/>Recipes from the Archives of Queer Aphrodisia<br \/>Workshop with Luiza Prado<\/p>\n<p>22.02. | 5pm \u2013 6.30pm<br \/>BY FIRE, BY WATER, BY COMBAT: Deviant Women &amp; Medieval Punishment<br \/>Workshop with Ileana Pascalau<\/p>\n<p>07.02. | 14.02. | 21.02. | 28.02. | 2pm \u2013 6pm<br \/>Alchemical Creatures and Archaic Garms<br \/>Performative Costume-Making with Hang Lington+Laura Lulika<\/p>\n<p>07.03. | 7pm<br \/>The Final Joust with COVEN BERLIN<\/p>\n<p><a href=\"https:\/\/ileanapascalau.com\/wp-content\/uploads\/2019\/10\/IleanaPascalau-flyer-icr-_Page_1.jpg\"><img decoding=\"async\" loading=\"lazy\" class=\"wp-image-850 alignleft\" src=\"https:\/\/ileanapascalau.com\/wp-content\/uploads\/2019\/10\/IleanaPascalau-flyer-icr-_Page_1-300x212.jpg\" alt=\"\" width=\"652\" height=\"461\" srcset=\"https:\/\/ileanapascalau.com\/wp-content\/uploads\/2019\/10\/IleanaPascalau-flyer-icr-_Page_1-300x212.jpg 300w, https:\/\/ileanapascalau.com\/wp-content\/uploads\/2019\/10\/IleanaPascalau-flyer-icr-_Page_1-768x542.jpg 768w, https:\/\/ileanapascalau.com\/wp-content\/uploads\/2019\/10\/IleanaPascalau-flyer-icr-_Page_1-1024x723.jpg 1024w, https:\/\/ileanapascalau.com\/wp-content\/uploads\/2019\/10\/IleanaPascalau-flyer-icr-_Page_1-304x215.jpg 304w, https:\/\/ileanapascalau.com\/wp-content\/uploads\/2019\/10\/IleanaPascalau-flyer-icr-_Page_1.jpg 1757w\" sizes=\"(max-width: 652px) 100vw, 652px\" \/><\/a><a href=\"https:\/\/ileanapascalau.com\/wp-content\/uploads\/2019\/10\/IleanaPascalau-flyer-icr-_Page_2.jpg\"><img decoding=\"async\" loading=\"lazy\" class=\"wp-image-849 alignleft\" src=\"https:\/\/ileanapascalau.com\/wp-content\/uploads\/2019\/10\/IleanaPascalau-flyer-icr-_Page_2-300x214.jpg\" alt=\"\" width=\"651\" height=\"464\" srcset=\"https:\/\/ileanapascalau.com\/wp-content\/uploads\/2019\/10\/IleanaPascalau-flyer-icr-_Page_2-300x214.jpg 300w, https:\/\/ileanapascalau.com\/wp-content\/uploads\/2019\/10\/IleanaPascalau-flyer-icr-_Page_2-768x547.jpg 768w, https:\/\/ileanapascalau.com\/wp-content\/uploads\/2019\/10\/IleanaPascalau-flyer-icr-_Page_2-1024x729.jpg 1024w, https:\/\/ileanapascalau.com\/wp-content\/uploads\/2019\/10\/IleanaPascalau-flyer-icr-_Page_2-304x216.jpg 304w, https:\/\/ileanapascalau.com\/wp-content\/uploads\/2019\/10\/IleanaPascalau-flyer-icr-_Page_2.jpg 1749w\" sizes=\"(max-width: 651px) 100vw, 651px\" \/><\/a><\/p>\n<p>I LOOKED MY BEST TONIGHT<\/p>\n<p>Andreea Cioran &amp; Ileana Pascalau<\/p>\n<p>curated by Daniela Duca<\/p>\n<p>RKI GALLERY, Berlin<\/p>\n<p>8.11.-20.12.2019<\/p>\n<p>The exhibition, entitled \u201cI Looked My Best Tonight\u201d brings together two different artistic practices with a joint focus: the critical interest in examining different ways of transforming, adjusting, beautifying the female body according to ever-changing ideas or standards of beauty.<br \/>Pascalau employs a vocabulary coined from different visual traditions: baroque medical wax models, such as the \u201cAnatomical Venus\u201d, the religious practice of the jewel-encrusted relics,<br \/>but also examples of fashion iconography and fetishism. She moves between past and present to establish connections between historical motifs and contemporary memes defining the visual culture of today.<br \/>Cioran, on the other hand, focuses mainly on recent practices which emerged as a result of the rise of digital and social media, exploring phenomena such as the selfie, online avatars and body trends across a number of platforms.<br \/>The works in the exhibition encompass a wide variety of media, ranging from photography, sculpture, drawing, Installation and VR. Representations of fragmentary female bodies either serve as construction elements for an exemplary female body architecture, or stand as emaciated remnants of vulnerable, transitory bodies.<\/p>\n<p>\u201cI looked my best tonight\u201d deals also with the influence of social media on identity formation, the relationship between mask and the self, and between pleasure and pathology in connection with certain forms of beauty fetishism and contemporary fashion.<\/p>\n<p><a href=\"https:\/\/ileanapascalau.com\/wp-content\/uploads\/2019\/09\/imag.jpg\"><img decoding=\"async\" loading=\"lazy\" class=\"wp-image-830 alignleft\" src=\"https:\/\/ileanapascalau.com\/wp-content\/uploads\/2019\/09\/imag-300x157.jpg\" alt=\"\" width=\"642\" height=\"336\" srcset=\"https:\/\/ileanapascalau.com\/wp-content\/uploads\/2019\/09\/imag-300x157.jpg 300w, https:\/\/ileanapascalau.com\/wp-content\/uploads\/2019\/09\/imag-768x401.jpg 768w, https:\/\/ileanapascalau.com\/wp-content\/uploads\/2019\/09\/imag-304x159.jpg 304w, https:\/\/ileanapascalau.com\/wp-content\/uploads\/2019\/09\/imag.jpg 814w\" sizes=\"(max-width: 642px) 100vw, 642px\" \/><\/a><\/p>\n<p>LAY ME DOWN ACROSS THE LINES<br \/>curator Valentina Iancu<\/p>\n<p>13 09 &#8211; 13 12 2019<\/p>\n<p>Mihaela C\u00eempeanu Roberta Curc\u0103 Katja Lee Eliad<br \/>Yishay Garbasz Sasha Ichim Adelina Ivan<br \/>Alexandra Ivanciu Anastasia Jurescu Hortensia Mi Kafchin<br \/>Elana Katz Virginia Lupu Ileana Pascalau<br \/>Aris Tureac Smaranda Ursuleanu Oana Paula Vainer<\/p>\n<p>The research project lay me down across the lines brings together a series of feminist narratives that propose an orientation towards the intersectional thinking, careful to all of the conditions that determine the feminin reality. The exhibition explores the fragility of difference through personal story, emphasizes fragmentation to highlight the diversity of feminisms existing on the artistic scene. lay me down across the lines is a curatorial exercise that aims at suspending gravity in our cultural system of norms. The resulting mindset opens up the possibility for the female gaze to turn inward and formulate its own narratives.<\/p>\n<p>Kunsthalle Bega<br \/>Circumvala\u021biunii 10 Timi\u0219oara<br \/>kunsthallebega.ro<\/p>\n<p>Kunsthalle Bega este un proiect al Funda\u021biei Calina ini\u021biat de Alina Cristescu, Liviana Dan \u0219i Bogdan Ra\u021ba.<\/p>\n<p><a href=\"https:\/\/ileanapascalau.com\/wp-content\/uploads\/2019\/08\/prel.jpg\"><img decoding=\"async\" loading=\"lazy\" class=\" wp-image-767 alignleft\" src=\"https:\/\/ileanapascalau.com\/wp-content\/uploads\/2019\/08\/prel-213x300.jpg\" alt=\"\" width=\"343\" height=\"483\" srcset=\"https:\/\/ileanapascalau.com\/wp-content\/uploads\/2019\/08\/prel-213x300.jpg 213w, https:\/\/ileanapascalau.com\/wp-content\/uploads\/2019\/08\/prel-768x1080.jpg 768w, https:\/\/ileanapascalau.com\/wp-content\/uploads\/2019\/08\/prel-728x1024.jpg 728w, https:\/\/ileanapascalau.com\/wp-content\/uploads\/2019\/08\/prel-304x428.jpg 304w, https:\/\/ileanapascalau.com\/wp-content\/uploads\/2019\/08\/prel.jpg 1880w\" sizes=\"(max-width: 343px) 100vw, 343px\" \/><\/a><\/p>\n<p><strong>IN-VISIBLE REALNESS: Berlin now 50 years after Stonewall<\/strong><\/p>\n<p>OPENING JUNE 20TH 2019 6PM-12PM at PS120 Berlin<\/p>\n<p><a href=\"https:\/\/ileanapascalau.com\/wp-content\/uploads\/2019\/06\/61973439_467587707311969_6285032305178181632_o.jpg\"><img decoding=\"async\" loading=\"lazy\" class=\"size-medium wp-image-757 alignleft\" src=\"https:\/\/ileanapascalau.com\/wp-content\/uploads\/2019\/06\/61973439_467587707311969_6285032305178181632_o-300x252.jpg\" alt=\"\" width=\"300\" height=\"252\" srcset=\"https:\/\/ileanapascalau.com\/wp-content\/uploads\/2019\/06\/61973439_467587707311969_6285032305178181632_o-300x252.jpg 300w, https:\/\/ileanapascalau.com\/wp-content\/uploads\/2019\/06\/61973439_467587707311969_6285032305178181632_o-768x646.jpg 768w, https:\/\/ileanapascalau.com\/wp-content\/uploads\/2019\/06\/61973439_467587707311969_6285032305178181632_o-1024x862.jpg 1024w, https:\/\/ileanapascalau.com\/wp-content\/uploads\/2019\/06\/61973439_467587707311969_6285032305178181632_o-304x256.jpg 304w, https:\/\/ileanapascalau.com\/wp-content\/uploads\/2019\/06\/61973439_467587707311969_6285032305178181632_o.jpg 1654w\" sizes=\"(max-width: 300px) 100vw, 300px\" \/><\/a><\/p>\n<p>Curated by Ben Livne Weitzman and Justin D Polera<\/p>\n<p>Participating Artists:<\/p>\n<p><strong>Alex Heide, Ariel Reichman, Carlos Motta, Christo Daskaltsis, Danh V\u014d, Doireann O\u2019Malley, Ileana Pascalau, Jean Ulrick D\u00e9sert, Jessica Rankin, J\u00f6rg Schulze-Roloff, Julian-Jakob Kneer, Matthias Hamann, Ming Wong, Nan Goldin, Nathan Storey Freeman, Nicholas Grafia, Noah Rieser, Nooshin Askari, Phillip Timischl, Renate Hampke, Samantha Bohatsch, Shaun Motsi, Stef Engel, Stef Morgner, Thomas Masc, Tommy Camerno, Yein Lee, Zoe Leonard.<\/strong><\/p>\n<p>On July 1919, the Institut f\u00fcr Sexualwissenschaft in Berlin opened its doors to the public. Founded by Magnus Hirschfeld, the institute was first of its kind in the world, offering mental and physical aid to those who felt different from the others. Research, education, and political activities took place there alongside the clinic, where also some of the world\u2019s first gender-affirming surgeries were performed. Through 14 years of activity, the institute became a centre, a place of work and even home for many LGBTQ peoples from Berlin and beyond.<\/p>\n<p>On 1933, with the rise of the Nazi regime, the institute was lotted and forced to close its doors, but the social, medical and political shockwaves it generated ripple through history, igniting some 50 years later a gathering crowd at the Stonewall Inn to raise against police brutality which, at that moment, symbolised all the injustice and discriminations they have suffered form their entire lives.<\/p>\n<p>\u201cIn-visible Realness\u201d seeks to wander along some of the forking paths intersecting these shockwaves. The hyphen in the title marks the tension between the visible, the non-visible, and the becoming-visible.<\/p>\n<h1>\u00a0<\/h1>\n<h1>\u00a0<\/h1>\n<h1>LUCKY<\/h1>\n<p>Opening:\u00a0 Friday, 06 July 2018<span class=\"uhrzeit\">, 19h<\/span><\/p>\n<h3>NGBK \/ NEUE GESELLSCHAFT F\u00dcR BILDENDE KUNST, BERLIN<\/h3>\n<p><strong>Adress:<\/strong>\u00a0<span class=\"dateValueItem\">nGbK, Oranienstra\u00dfe 25, 10999 Berlin<\/span><\/p>\n<div>\u00a0<\/div>\n<div><a href=\"https:\/\/ileanapascalau.com\/wp-content\/uploads\/2018\/05\/lucky_01.jpg\"><img decoding=\"async\" loading=\"lazy\" class=\"wp-image-507 alignleft\" src=\"https:\/\/ileanapascalau.com\/wp-content\/uploads\/2018\/05\/lucky_01-300x211.jpg\" alt=\"\" width=\"645\" height=\"454\" srcset=\"https:\/\/ileanapascalau.com\/wp-content\/uploads\/2018\/05\/lucky_01-300x211.jpg 300w, https:\/\/ileanapascalau.com\/wp-content\/uploads\/2018\/05\/lucky_01-768x541.jpg 768w, https:\/\/ileanapascalau.com\/wp-content\/uploads\/2018\/05\/lucky_01-304x214.jpg 304w, https:\/\/ileanapascalau.com\/wp-content\/uploads\/2018\/05\/lucky_01.jpg 880w\" sizes=\"(max-width: 645px) 100vw, 645px\" \/><\/a><\/div>\n<div>\u00a0<\/div>\n<div>\u00a0<\/div>\n<div>\u00a0<\/div>\n<div>\u00a0<\/div>\n<div>\u00a0<\/div>\n<div>\u00a0<\/div>\n<div>\u00a0<\/div>\n<div>\u00a0<\/div>\n<div>\u00a0<\/div>\n<div>\u00a0<\/div>\n<div>\u00a0<\/div>\n<div>\u00a0<\/div>\n<div>\u00a0<\/div>\n<div>\u00a0<\/div>\n<div>\u00a0<\/div>\n<div>\u00a0<\/div>\n<div class=\"newsbody\">\n<div class=\"right\">\n<div class=\"jevdialogs\">\u00a0<\/div>\n<\/div>\n<\/div>\n<div>\u00a0<\/div>\n<div class=\"newscopy Projekte-Ausstellung\">\n<p>Saturday, 07 July 2018\u00a0<span class=\"enddatum\">\u2014 Sunday, 02 September 2018<\/span><\/p>\n<p>The approach of the project is to react to luck as a cultural myth that normalizes privilege. Masked as luck, white supremacy and patriarchy weave narratives that dull movements of resistance and perpetuate the status quo. While hard work leads to success, success, once realized, is disguised as lucky coincidence. Such aphorisms erase herstory in physical, digital, and spiritual spaces. Through exhibition, performance, and an event series, LUCKY invites queer cultural agents to unveil power structures shrouded in myth and illusion.<\/p>\n<p>Visual Artists:<br \/><strong>GeoVanna Gonzalez, Giegold &amp; Weiss, Laura Jones, Angela Kaisers, Ileana Pascalau, Plural Authorship Collective (P_A_C), Tabita Rezaire, Ana\u00efs Senli, Eve Tagny, Anna Uddenberg, Kandis Williams, Miriam Yammad, Inga Zimprich (Feministische Gesundheitsrecherchegruppe) a.o.<\/strong><br \/>Performance Artists:<br \/><strong>Travis Alabanza, Zinzi Buchanan &amp; Trev Flash, Ok-Hee Jeong, Laura Jones, Roni Katz, Anarella Martinez, Zwoisy Mears-Clarke, Nasheeka Nedsreal, Vagittarius Rising, Xenia Taniko, Cathy Walsh, Melanie Jame Wolf a.o.<\/strong><\/p>\n<p>nGbK project group &#8220;COVEN&#8221;:<br \/><strong>Frances Breden, Shelly Etkin, Lorena Juan, Judy Landkammer, Louise Trueheart, Kiona Hagen Niehaus, Esther Roman, Harley Aussoleil<\/strong><\/p>\n<\/div>\n<p><img decoding=\"async\" loading=\"lazy\" class=\"wp-image-312 alignleft\" src=\"https:\/\/ileanapascalau.com\/wp-content\/uploads\/2017\/03\/Ko\u0308rnerpark_Eine-Enzyklopa\u0308die-des-Zarten-212x300.jpg\" alt=\"\" width=\"498\" height=\"705\" srcset=\"https:\/\/ileanapascalau.com\/wp-content\/uploads\/2017\/03\/Ko\u0308rnerpark_Eine-Enzyklopa\u0308die-des-Zarten-212x300.jpg 212w, https:\/\/ileanapascalau.com\/wp-content\/uploads\/2017\/03\/Ko\u0308rnerpark_Eine-Enzyklopa\u0308die-des-Zarten-768x1086.jpg 768w, https:\/\/ileanapascalau.com\/wp-content\/uploads\/2017\/03\/Ko\u0308rnerpark_Eine-Enzyklopa\u0308die-des-Zarten-724x1024.jpg 724w, https:\/\/ileanapascalau.com\/wp-content\/uploads\/2017\/03\/Ko\u0308rnerpark_Eine-Enzyklopa\u0308die-des-Zarten-304x430.jpg 304w\" sizes=\"(max-width: 498px) 100vw, 498px\" \/><\/p>\n<p>AN ENCYCLOPEDIA OF THE DELICATE<\/p>\n<p>Participating artists: G\u00f6k\u00e7en Dilek Acay, Sophie Aigner, Ana Alenso, Katharina Kim Alsen, Christine Bachmann, Thomas Behling, Mario BieRende, Martin Bothe, Marion Denis, Dagmar Fella, Harriet Gro\u00df, Lena Hensel, Janine H\u00f6nig, Eleana Katanu, Jens Kloppmann, Edith Kollath, Bruno Di Lecce, Chelsea Leventhal, Carina Linge, Helene Meier, Ines Meier, Maximilian Meier, Anna Myga Kasten, Enrico Niemann, Aneh Ondare, France Parsus, Ileana Pascalau, Ulrike Paul, Aaron Rahe, Korvin Reich, Yvonne Roeb, Fons Schiedon, Felix Schneewei\u00df, Charlotte Seidel, Hartmut Stockter, Laurel Terlesky, Sandy Volz, Miriam Yammad, Jenny Yurshansky, Simone Zewnik<\/p>\n<p>The exhibition \u2018Eine Enzyklop\u00e4die des Zarten\u2019 (An Encyclopaedia of the Delicate) is based on Anne Brannys\u2019s dissertation of the same name. In it the artist sheds light on the concept of \u2018delicate\u2019 or \u2018tender\u2019 from different perspectives, interweaving questions from the humanities, the natural sciences, and art. With eight thematic focuses the exhibition delves into the topic as an immersive encyclopaedia, through a spatial concept developed specially for this presentation. The rhythmic ordering of knowledge throughout the exhibition space is also flexible, enabling cross-links between the objects through a multisensory orientation system.<br \/>The artworks \u2013 a selection from an extensive archive of positions collected through a call for submissions \u2013 represent a diverse spectrum of approaches to the topic and explore the concept\u2019s complexity in a sensually perceptible way. The physical experience of an exhibition thus becomes a logical extension to the collection of knowledge in book form.<\/p>\n<p><img decoding=\"async\" loading=\"lazy\" class=\"alignleft wp-image-299\" src=\"https:\/\/ileanapascalau.com\/wp-content\/uploads\/2017\/03\/unnamed-1-142x300.jpg\" alt=\"\" width=\"322\" height=\"681\" srcset=\"https:\/\/ileanapascalau.com\/wp-content\/uploads\/2017\/03\/unnamed-1-142x300.jpg 142w, https:\/\/ileanapascalau.com\/wp-content\/uploads\/2017\/03\/unnamed-1.jpg 302w\" sizes=\"(max-width: 322px) 100vw, 322px\" \/><a href=\"https:\/\/ileanapascalau.com\/wp-content\/uploads\/2017\/03\/unnamed.jpg\"><img decoding=\"async\" loading=\"lazy\" class=\"alignleft wp-image-302\" src=\"https:\/\/ileanapascalau.com\/wp-content\/uploads\/2017\/03\/unnamed-142x300.jpg\" alt=\"\" width=\"330\" height=\"697\" \/><\/a><\/p>\n\n\n<p><\/p>\n","protected":false},"excerpt":{"rendered":"<p>\u00a0<\/p>\n","protected":false},"author":1,"featured_media":0,"parent":0,"menu_order":0,"comment_status":"closed","ping_status":"closed","template":"","meta":[],"_links":{"self":[{"href":"https:\/\/ileanapascalau.com\/index.php?rest_route=\/wp\/v2\/pages\/267"}],"collection":[{"href":"https:\/\/ileanapascalau.com\/index.php?rest_route=\/wp\/v2\/pages"}],"about":[{"href":"https:\/\/ileanapascalau.com\/index.php?rest_route=\/wp\/v2\/types\/page"}],"author":[{"embeddable":true,"href":"https:\/\/ileanapascalau.com\/index.php?rest_route=\/wp\/v2\/users\/1"}],"replies":[{"embeddable":true,"href":"https:\/\/ileanapascalau.com\/index.php?rest_route=%2Fwp%2Fv2%2Fcomments&post=267"}],"version-history":[{"count":68,"href":"https:\/\/ileanapascalau.com\/index.php?rest_route=\/wp\/v2\/pages\/267\/revisions"}],"predecessor-version":[{"id":1113,"href":"https:\/\/ileanapascalau.com\/index.php?rest_route=\/wp\/v2\/pages\/267\/revisions\/1113"}],"wp:attachment":[{"href":"https:\/\/ileanapascalau.com\/index.php?rest_route=%2Fwp%2Fv2%2Fmedia&parent=267"}],"curies":[{"name":"wp","href":"https:\/\/api.w.org\/{rel}","templated":true}]}}